{"id":3,"date":"2021-05-07T08:50:43","date_gmt":"2021-05-07T08:50:43","guid":{"rendered":"http:\/\/slbc.lu\/?page_id=3"},"modified":"2024-06-19T17:18:51","modified_gmt":"2024-06-19T17:18:51","slug":"politique-de-confidentialite","status":"publish","type":"page","link":"https:\/\/slbc.lu\/?page_id=3","title":{"rendered":"Politique de confidentialit\u00e9"},"content":{"rendered":"\n<p>Ce site web propose un espace membre priv\u00e9 ainsi qu&rsquo;une liste de diffusion par courriel et n\u00e9cessite donc de collecter des donn\u00e9es relatives aux utilisateurs.<\/p>\n\n\n\n<p>Lorsque les visiteurs laissent des commentaires sur le site, nous collectons \u00e9galement les donn\u00e9es affich\u00e9es dans le formulaire de commentaires, mais aussi l&rsquo;adresse IP du visiteur et la cha\u00eene de l&rsquo;agent utilisateur du navigateur pour faciliter la d\u00e9tection d&rsquo;\u00e9ventuels spams.<\/p>\n\n\n\n<p>Le cas \u00e9ch\u00e9ant, votre photo de profil est visible publiquement dans le cadre de votre activit\u00e9 (commentaire sur les diff\u00e9rents articles\/blogues notamment).<\/p>\n\n\n\n<h3 class=\"wp-block-heading\">Cookies<strong class=\"privacy-policy-tutorial\"><\/strong><\/h3>\n\n\n\n<p>Si vous visitez notre page de connexion, des cookies temporaires peuvent \u00eatre cr\u00e9\u00e9s (notamment des cookies de connexion et de choix d&rsquo;affichage). Vous pouvez forcer la suppression des cookies via votre navigateur web ou interdire l&rsquo;utilisation de cookie.<\/p>\n\n\n\n<p><\/p>\n\n\n\n<h3 class=\"wp-block-heading\">Avec qui nous partageons vos donn\u00e9es ?<\/h3>\n\n\n\n<p>Aucune de vos donn\u00e9es n&rsquo;est partag\u00e9e avec un tiers. La base de donn\u00e9es de notre site web est h\u00e9berg\u00e9e sur Hostinger.fr et repose sur un framework WordPress\/Jetpack.<\/p>\n\n\n\n<h3 class=\"wp-block-heading\">Combien de temps conservons-nous vos donn\u00e9es ?<\/h3>\n\n\n\n<p>Si vous laissez un commentaire, le commentaire et ses m\u00e9tadonn\u00e9es sont conserv\u00e9s ind\u00e9finiment par d\u00e9faut.<\/p>\n\n\n\n<p>Pour les utilisateurs qui s&rsquo;inscrivent sur notre site Web, nous stockons \u00e9galement les informations personnelles qu&rsquo;ils fournissent dans leur profil d&rsquo;utilisateur.<\/p>\n\n\n\n<p>Tous les utilisateurs peuvent voir, modifier ou supprimer leurs informations personnelles \u00e0 tout moment (\u00e0 l&rsquo;exception du nom d&rsquo;utilisateur). <\/p>\n\n\n\n<p>Seuls les administrateurs du site SLBC.lu peuvent \u00e9galement voir et modifier ces informations.<\/p>\n\n\n\n<h3 class=\"wp-block-heading\">Quels sont vos droits sur vos donn\u00e9es ?<\/h3>\n\n\n\n<p>Si vous avez un compte sur ce site ou si vous avez laiss\u00e9 des commentaires, vous pouvez demander \u00e0 recevoir un export de vos donn\u00e9es personnelles que nous d\u00e9tenons \u00e0 votre \u00e9gard, y compris toutes les donn\u00e9es que vous nous avez fournies.<\/p>\n\n\n\n<p>Vous pouvez \u00e9galement demander que nous supprimions toutes les donn\u00e9es personnelles que nous d\u00e9tenons \u00e0 votre sujet.<\/p>\n\n\n\n<p><\/p>\n\n\n\n<pre class=\"wp-block-verse has-text-align-center\"><strong>Pour toute information compl\u00e9mentaire ou pour exercer vos droits, dirigez vous vers la page \"<a href=\"https:\/\/slbc.lu\/?page_id=256\" title=\"\">Contactez-nous<\/a>\" de notre site SLBC.lu<\/strong><\/pre>\n","protected":false},"excerpt":{"rendered":"<p>Ce site web propose un espace membre priv\u00e9 ainsi qu&rsquo;une liste de diffusion par courriel et n\u00e9cessite donc de collecter des donn\u00e9es relatives aux utilisateurs. Lorsque les visiteurs laissent des &#8230;<\/p>\n","protected":false},"author":248,"featured_media":0,"parent":0,"menu_order":0,"comment_status":"closed","ping_status":"open","template":"","meta":{"jetpack_post_was_ever_published":false,"footnotes":""},"class_list":["post-3","page","type-page","status-publish","hentry"],"aioseo_notices":[],"jetpack_sharing_enabled":true,"_links":{"self":[{"href":"https:\/\/slbc.lu\/index.php?rest_route=\/wp\/v2\/pages\/3","targetHints":{"allow":["GET"]}}],"collection":[{"href":"https:\/\/slbc.lu\/index.php?rest_route=\/wp\/v2\/pages"}],"about":[{"href":"https:\/\/slbc.lu\/index.php?rest_route=\/wp\/v2\/types\/page"}],"author":[{"embeddable":true,"href":"https:\/\/slbc.lu\/index.php?rest_route=\/wp\/v2\/users\/248"}],"replies":[{"embeddable":true,"href":"https:\/\/slbc.lu\/index.php?rest_route=%2Fwp%2Fv2%2Fcomments&post=3"}],"version-history":[{"count":4,"href":"https:\/\/slbc.lu\/index.php?rest_route=\/wp\/v2\/pages\/3\/revisions"}],"predecessor-version":[{"id":1145,"href":"https:\/\/slbc.lu\/index.php?rest_route=\/wp\/v2\/pages\/3\/revisions\/1145"}],"wp:attachment":[{"href":"https:\/\/slbc.lu\/index.php?rest_route=%2Fwp%2Fv2%2Fmedia&parent=3"}],"curies":[{"name":"wp","href":"https:\/\/api.w.org\/{rel}","templated":true}]}}