{"id":252,"date":"2020-10-06T08:20:53","date_gmt":"2020-10-06T08:20:53","guid":{"rendered":"http:\/\/slbc.lu\/?page_id=252"},"modified":"2024-04-22T18:32:29","modified_gmt":"2024-04-22T18:32:29","slug":"services","status":"publish","type":"page","link":"https:\/\/slbc.lu\/?page_id=252","title":{"rendered":"Qui sommes nous ?"},"content":{"rendered":"\n<div class=\"wp-block-cover alignfull is-light\" style=\"min-height:284px;aspect-ratio:unset;\"><span aria-hidden=\"true\" class=\"wp-block-cover__background has-background-dim-100 has-background-dim\" style=\"background-color:#ecf0f5\"><\/span><div class=\"wp-block-cover__inner-container is-layout-flow wp-block-cover-is-layout-flow\">\n<p class=\"has-text-align-left has-large-font-size\">Statut<\/p>\n\n\n\n<p>Nous sommes une association sans but lucratif. Pour promouvoir une biologie de qualit\u00e9 l&rsquo;association se propose<\/p>\n\n\n\n<ul class=\"wp-block-list\">\n<li>d&rsquo;harmoniser les m\u00e9thodes utilis\u00e9es<\/li>\n\n\n\n<li>d&rsquo;\u00e9laborer des recommandations techniques \u00e0 partir de crit\u00e8res scientifiques rigoureux et pr\u00e9cis<\/li>\n\n\n\n<li>de d\u00e9velopper le contr\u00f4le de qualit\u00e9<\/li>\n\n\n\n<li>de susciter des \u00e9tudes qui feraient l&rsquo;objet de comptes rendus<\/li>\n\n\n\n<li>de tenir p\u00e9riodiquement des s\u00e9ances de travail au cours desquelles seraient expos\u00e9es et discut\u00e9es les techniques d&rsquo;exploration biologique<\/li>\n\n\n\n<li>d&rsquo;organiser des conf\u00e9rences d&rsquo;\u00e9tablir des relations avec d&rsquo;autres soci\u00e9t\u00e9s ou organismes&nbsp; nationaux, \u00e9trangers et internationaux<\/li>\n\n\n\n<li>de concourir \u00e0 d\u00e9velopper les relations professionnelle entre ses membres et la collaboration entre les diff\u00e9rents laboratoires <\/li>\n\n\n\n<li>de contribuer \u00e0 l&rsquo;information par la publication d&rsquo;un bulletin et par la cr\u00e9ation d&rsquo;un centre de documentation accessible \u00e0&nbsp; tous<\/li>\n\n\n\n<li>de participer \u00e0 la formation continue du personnel param\u00e9dical<\/li>\n\n\n\n<li>de d\u00e9fendre les int\u00e9r\u00eats de la profession devant les instances gouvernementales, le corps m\u00e9dical et les caisses de maladie.<\/li>\n<\/ul>\n\n\n\n<p><\/p>\n<\/div><\/div>\n\n\n\n<div style=\"height:18px\" aria-hidden=\"true\" class=\"wp-block-spacer\"><\/div>\n\n\n\n<h2 class=\"wp-block-heading\">Le conseil d&rsquo;administration<\/h2>\n\n\n\n<p>La Soci\u00e9t\u00e9 est dirig\u00e9e par un Conseil d&rsquo;Adminis\u00adtration comprenant&nbsp;:<\/p>\n\n\n\n<p>Sept membres titulaires dont&nbsp;: un pr\u00e9sident, un vice-pr\u00e9sident, un secr\u00e9taire, un tr\u00e9sorier, trois conseillers et deux membres associ\u00e9s dont l\u2019un repr\u00e9sente l\u2019Association Luxembourgeoise des Laborantins Dipl\u00f4m\u00e9s et l\u2019autre l\u2019Association des ATM de Laboratoire&nbsp;; ils participent aux d\u00e9cisions du Conseil au sein duquel ils ont le droit de vote. Les membres du Conseil doivent exercer leur profession dans un laboratoire de biologie clinique au Grand-Duch\u00e9. Ils sont \u00e9lus pour trois ans et renouvelables par tiers tous les trois ans. Les membres sortants sont r\u00e9\u00e9ligibles. Le Conseil peut s\u2019adjoindre des personnes, \u00e0 fonction consultative, pour une p\u00e9riode et une t\u00e2che d\u00e9termin\u00e9es.<\/p>\n\n\n\n<hr class=\"wp-block-separator has-alpha-channel-opacity is-style-wide\"\/>\n\n\n\n<div class=\"wp-block-group alignfull has-white-background-color has-background\"><div class=\"wp-block-group__inner-container is-layout-flow wp-block-group-is-layout-flow\">\n<h3 class=\"wp-block-heading has-text-align-left\">Composition du conseil d&rsquo;administration<\/h3>\n<\/div><\/div>\n\n\n\n<div class=\"wp-block-columns is-layout-flex wp-container-core-columns-is-layout-9d6595d7 wp-block-columns-is-layout-flex\">\n<div class=\"wp-block-column is-layout-flow wp-block-column-is-layout-flow\">\n<h4 class=\"wp-block-heading\">Pr\u00e9sident<\/h4>\n<\/div>\n\n\n\n<div class=\"wp-block-column is-layout-flow wp-block-column-is-layout-flow\">\n<h4 class=\"wp-block-heading\">Vice-Pr\u00e9sident <\/h4>\n<\/div>\n\n\n\n<div class=\"wp-block-column is-layout-flow wp-block-column-is-layout-flow\"><\/div>\n<\/div>\n\n\n\n<div class=\"wp-block-columns is-layout-flex wp-container-core-columns-is-layout-9d6595d7 wp-block-columns-is-layout-flex\">\n<div class=\"wp-block-column is-layout-flow wp-block-column-is-layout-flow\">\n<p>FRANCOIS Jean-Hugues (CHL)<\/p>\n\n\n\n<p><\/p>\n<\/div>\n\n\n\n<div class=\"wp-block-column is-layout-flow wp-block-column-is-layout-flow\">\n<p>DEBAUGNIES France (CHL)<\/p>\n<\/div>\n\n\n\n<div class=\"wp-block-column is-layout-flow wp-block-column-is-layout-flow\"><\/div>\n<\/div>\n\n\n\n<hr class=\"wp-block-separator has-alpha-channel-opacity\"\/>\n\n\n\n<div class=\"wp-block-columns is-layout-flex wp-container-core-columns-is-layout-9d6595d7 wp-block-columns-is-layout-flex\">\n<div class=\"wp-block-column is-vertically-aligned-bottom is-layout-flow wp-block-column-is-layout-flow\">\n<h4 class=\"wp-block-heading\">Tr\u00e9sorier<\/h4>\n<\/div>\n\n\n\n<div class=\"wp-block-column is-vertically-aligned-bottom is-layout-flow wp-block-column-is-layout-flow\">\n<h4 class=\"wp-block-heading\">Secr\u00e9taire<\/h4>\n<\/div>\n\n\n\n<div class=\"wp-block-column is-layout-flow wp-block-column-is-layout-flow\"><\/div>\n<\/div>\n\n\n\n<div class=\"wp-block-columns is-layout-flex wp-container-core-columns-is-layout-9d6595d7 wp-block-columns-is-layout-flex\">\n<div class=\"wp-block-column is-layout-flow wp-block-column-is-layout-flow\">\n<p>BRASSEUR Yves (CHL)<\/p>\n<\/div>\n\n\n\n<div class=\"wp-block-column is-layout-flow wp-block-column-is-layout-flow\">\n<p>KEBBABI Cl\u00e9ment (LNS)<\/p>\n<\/div>\n\n\n\n<div class=\"wp-block-column is-layout-flow wp-block-column-is-layout-flow\"><\/div>\n<\/div>\n\n\n\n<hr class=\"wp-block-separator has-alpha-channel-opacity\"\/>\n\n\n\n<div class=\"wp-block-columns is-layout-flex wp-container-core-columns-is-layout-9d6595d7 wp-block-columns-is-layout-flex\">\n<div class=\"wp-block-column is-vertically-aligned-bottom is-layout-flow wp-block-column-is-layout-flow\">\n<h4 class=\"wp-block-heading\">Conseillers<\/h4>\n<\/div>\n<\/div>\n\n\n\n<div class=\"wp-block-columns are-vertically-aligned-top is-layout-flex wp-container-core-columns-is-layout-9d6595d7 wp-block-columns-is-layout-flex\">\n<div class=\"wp-block-column is-vertically-aligned-top is-layout-flow wp-block-column-is-layout-flow\">\n<p>FAIK Nawfal&nbsp;(HRS)&nbsp;<\/p>\n<\/div>\n\n\n\n<div class=\"wp-block-column is-vertically-aligned-top is-layout-flow wp-block-column-is-layout-flow\">\n<p>BOULMERKA Fatiha (CHdN)<\/p>\n<\/div>\n\n\n\n<div class=\"wp-block-column is-vertically-aligned-top is-layout-flow wp-block-column-is-layout-flow\">\n<p>MEUNIER Danielle (CHEM)<\/p>\n\n\n\n<p><\/p>\n<\/div>\n<\/div>\n\n\n\n<hr class=\"wp-block-separator has-alpha-channel-opacity\"\/>\n\n\n\n<h4 class=\"wp-block-heading\">Repr\u00e9sentants<\/h4>\n\n\n\n<div class=\"wp-block-columns is-layout-flex wp-container-core-columns-is-layout-9d6595d7 wp-block-columns-is-layout-flex\">\n<div class=\"wp-block-column is-vertically-aligned-center is-layout-flow wp-block-column-is-layout-flow\">\n<p>GRANDJEAN Caroline (LNS)<\/p>\n\n\n\n<p>Repr\u00e9sentante ATM-labo<\/p>\n<\/div>\n\n\n\n<div class=\"wp-block-column is-vertically-aligned-center is-layout-flow wp-block-column-is-layout-flow\">\n<p>ARIAS Benjamin (LNS)<\/p>\n\n\n\n<p>Repr\u00e9sentant laborantins<\/p>\n<\/div>\n\n\n\n<div class=\"wp-block-column is-layout-flow wp-block-column-is-layout-flow\"><\/div>\n<\/div>\n\n\n\n<hr class=\"wp-block-separator alignwide has-alpha-channel-opacity is-style-wide\"\/>\n\n\n\n<p>Pour visualiser notre politique de confidentialit\u00e9, cliquez <a href=\"https:\/\/slbc.lu\/?page_id=3\" title=\"\">ici<\/a>.<\/p>\n","protected":false},"excerpt":{"rendered":"<p>Le conseil d&rsquo;administration La Soci\u00e9t\u00e9 est dirig\u00e9e par un Conseil d&rsquo;Adminis\u00adtration comprenant&nbsp;: Sept membres titulaires dont&nbsp;: un pr\u00e9sident, un vice-pr\u00e9sident, un secr\u00e9taire, un tr\u00e9sorier, trois conseillers et deux membres associ\u00e9s &#8230;<\/p>\n","protected":false},"author":248,"featured_media":0,"parent":0,"menu_order":0,"comment_status":"closed","ping_status":"closed","template":"","meta":{"jetpack_post_was_ever_published":false,"footnotes":""},"class_list":["post-252","page","type-page","status-publish","hentry"],"aioseo_notices":[],"jetpack_sharing_enabled":true,"_links":{"self":[{"href":"https:\/\/slbc.lu\/index.php?rest_route=\/wp\/v2\/pages\/252","targetHints":{"allow":["GET"]}}],"collection":[{"href":"https:\/\/slbc.lu\/index.php?rest_route=\/wp\/v2\/pages"}],"about":[{"href":"https:\/\/slbc.lu\/index.php?rest_route=\/wp\/v2\/types\/page"}],"author":[{"embeddable":true,"href":"https:\/\/slbc.lu\/index.php?rest_route=\/wp\/v2\/users\/248"}],"replies":[{"embeddable":true,"href":"https:\/\/slbc.lu\/index.php?rest_route=%2Fwp%2Fv2%2Fcomments&post=252"}],"version-history":[{"count":12,"href":"https:\/\/slbc.lu\/index.php?rest_route=\/wp\/v2\/pages\/252\/revisions"}],"predecessor-version":[{"id":1101,"href":"https:\/\/slbc.lu\/index.php?rest_route=\/wp\/v2\/pages\/252\/revisions\/1101"}],"wp:attachment":[{"href":"https:\/\/slbc.lu\/index.php?rest_route=%2Fwp%2Fv2%2Fmedia&parent=252"}],"curies":[{"name":"wp","href":"https:\/\/api.w.org\/{rel}","templated":true}]}}